{"id":7713,"date":"2024-12-17T04:07:59","date_gmt":"2024-12-17T04:07:59","guid":{"rendered":"https:\/\/riadchay.com\/?page_id=7713"},"modified":"2024-12-17T04:35:11","modified_gmt":"2024-12-17T04:35:11","slug":"thank-you","status":"publish","type":"page","link":"https:\/\/riadchay.com\/de\/thank-you\/","title":{"rendered":"Dankesch\u00f6n"},"content":{"rendered":"<div data-elementor-type=\"wp-page\" data-elementor-id=\"7713\" class=\"elementor elementor-7713\" data-elementor-post-type=\"page\">\n\t\t\t\t<div class=\"elementor-element elementor-element-420cc11 e-flex e-con-boxed e-con e-parent\" data-id=\"420cc11\" data-element_type=\"container\" data-e-type=\"container\">\n\t\t\t\t\t<div class=\"e-con-inner\">\n\t\t\t\t<div class=\"elementor-element elementor-element-e0ea2f8 elementor-widget elementor-widget-image\" data-id=\"e0ea2f8\" data-element_type=\"widget\" data-e-type=\"widget\" data-widget_type=\"image.default\">\n\t\t\t\t\t\t\t\t\t\t\t\t\t\t\t<img fetchpriority=\"high\" decoding=\"async\" width=\"295\" height=\"396\" src=\"https:\/\/riadchay.com\/wp-content\/uploads\/2024\/07\/logo-riad-chay-e1725009114354.png\" class=\"attachment-full size-full wp-image-1676\" alt=\"\" srcset=\"https:\/\/riadchay.com\/wp-content\/uploads\/2024\/07\/logo-riad-chay-e1725009114354.png 295w, https:\/\/riadchay.com\/wp-content\/uploads\/2024\/07\/logo-riad-chay-e1725009114354-223x300.png 223w\" sizes=\"(max-width: 295px) 100vw, 295px\" \/>\t\t\t\t\t\t\t\t\t\t\t\t\t\t\t<\/div>\n\t\t\t\t\t<\/div>\n\t\t\t\t<\/div>\n\t\t<div class=\"elementor-element elementor-element-b9554e7 e-flex e-con-boxed e-con e-parent\" data-id=\"b9554e7\" data-element_type=\"container\" data-e-type=\"container\">\n\t\t\t\t\t<div class=\"e-con-inner\">\n\t\t\t\t<div class=\"elementor-element elementor-element-a23721a elementor-widget-divider--view-line_icon elementor-view-default elementor-widget-divider--element-align-center elementor-widget elementor-widget-divider\" data-id=\"a23721a\" data-element_type=\"widget\" data-e-type=\"widget\" data-widget_type=\"divider.default\">\n\t\t\t\t\t\t\t<div class=\"elementor-divider\">\n\t\t\t<span class=\"elementor-divider-separator\">\n\t\t\t\t\t\t\t<div class=\"elementor-icon elementor-divider__element\">\n\t\t\t\t\t<svg aria-hidden=\"true\" class=\"e-font-icon-svg e-fab-galactic-senate\" viewbox=\"0 0 512 512\" xmlns=\"http:\/\/www.w3.org\/2000\/svg\"><path d=\"M249.86 33.48v26.07C236.28 80.17 226 168.14 225.39 274.9c11.74-15.62 19.13-33.33 19.13-48.24v-16.88c-.03-5.32.75-10.53 2.19-15.65.65-2.14 1.39-4.08 2.62-5.82 1.23-1.75 3.43-3.79 6.68-3.79 3.24 0 5.45 2.05 6.68 3.79 1.23 1.75 1.97 3.68 2.62 5.82 1.44 5.12 2.22 10.33 2.19 15.65v16.88c0 14.91 7.39 32.62 19.13 48.24-.63-106.76-10.91-194.73-24.49-215.35V33.48h-12.28zm-26.34 147.77c-9.52 2.15-18.7 5.19-27.46 9.08 8.9 16.12 9.76 32.64 1.71 37.29-8 4.62-21.85-4.23-31.36-19.82-11.58 8.79-21.88 19.32-30.56 31.09 14.73 9.62 22.89 22.92 18.32 30.66-4.54 7.7-20.03 7.14-35.47-.96-5.78 13.25-9.75 27.51-11.65 42.42 9.68.18 18.67 2.38 26.18 6.04 17.78-.3 32.77-1.96 40.49-4.22 5.55-26.35 23.02-48.23 46.32-59.51.73-25.55 1.88-49.67 3.48-72.07zm64.96 0c1.59 22.4 2.75 46.52 3.47 72.07 23.29 11.28 40.77 33.16 46.32 59.51 7.72 2.26 22.71 3.92 40.49 4.22 7.51-3.66 16.5-5.85 26.18-6.04-1.9-14.91-5.86-29.17-11.65-42.42-15.44 8.1-30.93 8.66-35.47.96-4.57-7.74 3.6-21.05 18.32-30.66-8.68-11.77-18.98-22.3-30.56-31.09-9.51 15.59-23.36 24.44-31.36 19.82-8.05-4.65-7.19-21.16 1.71-37.29a147.49 147.49 0 0 0-27.45-9.08zm-32.48 8.6c-3.23 0-5.86 8.81-6.09 19.93h-.05v16.88c0 41.42-49.01 95.04-93.49 95.04-52 0-122.75-1.45-156.37 29.17v2.51c9.42 17.12 20.58 33.17 33.18 47.97C45.7 380.26 84.77 360.4 141.2 360c45.68 1.02 79.03 20.33 90.76 40.87.01.01-.01.04 0 .05 7.67 2.14 15.85 3.23 24.04 3.21 8.19.02 16.37-1.07 24.04-3.21.01-.01-.01-.04 0-.05 11.74-20.54 45.08-39.85 90.76-40.87 56.43.39 95.49 20.26 108.02 41.35 12.6-14.8 23.76-30.86 33.18-47.97v-2.51c-33.61-30.62-104.37-29.17-156.37-29.17-44.48 0-93.49-53.62-93.49-95.04v-16.88h-.05c-.23-11.12-2.86-19.93-6.09-19.93zm0 96.59c22.42 0 40.6 18.18 40.6 40.6s-18.18 40.65-40.6 40.65-40.6-18.23-40.6-40.65c0-22.42 18.18-40.6 40.6-40.6zm0 7.64c-18.19 0-32.96 14.77-32.96 32.96S237.81 360 256 360s32.96-14.77 32.96-32.96-14.77-32.96-32.96-32.96zm0 6.14c14.81 0 26.82 12.01 26.82 26.82s-12.01 26.82-26.82 26.82-26.82-12.01-26.82-26.82 12.01-26.82 26.82-26.82zm-114.8 66.67c-10.19.07-21.6.36-30.5 1.66.43 4.42 1.51 18.63 7.11 29.76 9.11-2.56 18.36-3.9 27.62-3.9 41.28.94 71.48 34.35 78.26 74.47l.11 4.7c10.4 1.91 21.19 2.94 32.21 2.94 11.03 0 21.81-1.02 32.21-2.94l.11-4.7c6.78-40.12 36.98-73.53 78.26-74.47 9.26 0 18.51 1.34 27.62 3.9 5.6-11.13 6.68-25.34 7.11-29.76-8.9-1.3-20.32-1.58-30.5-1.66-18.76.42-35.19 4.17-48.61 9.67-12.54 16.03-29.16 30.03-49.58 33.07-.09.02-.17.04-.27.05-.05.01-.11.04-.16.05-5.24 1.07-10.63 1.6-16.19 1.6-5.55 0-10.95-.53-16.19-1.6-.05-.01-.11-.04-.16-.05-.1-.02-.17-.04-.27-.05-20.42-3.03-37.03-17.04-49.58-33.07-13.42-5.49-29.86-9.25-48.61-9.67z\"><\/path><\/svg><\/div>\n\t\t\t\t\t\t<\/span>\n\t\t<\/div>\n\t\t\t\t\t\t<\/div>\n\t\t\t\t\t<\/div>\n\t\t\t\t<\/div>\n\t\t<div class=\"elementor-element elementor-element-b333a0e e-flex e-con-boxed e-con e-parent\" data-id=\"b333a0e\" data-element_type=\"container\" data-e-type=\"container\">\n\t\t\t\t\t<div class=\"e-con-inner\">\n\t\t\t\t<div class=\"elementor-element elementor-element-9643823 elementor-widget elementor-widget-heading\" data-id=\"9643823\" data-element_type=\"widget\" data-e-type=\"widget\" data-widget_type=\"heading.default\">\n\t\t\t\t\t<h2 class=\"elementor-heading-title elementor-size-default\">Willkommen im Riad Chay<\/h2>\t\t\t\t<\/div>\n\t\t\t\t<div class=\"elementor-element elementor-element-8bbca32 elementor-widget elementor-widget-heading\" data-id=\"8bbca32\" data-element_type=\"widget\" data-e-type=\"widget\" data-widget_type=\"heading.default\">\n\t\t\t\t\t<h2 class=\"elementor-heading-title elementor-size-default\">Vielen Dank, dass Sie sich f\u00fcr einen Aufenthalt bei uns entschieden haben. <\/h2>\t\t\t\t<\/div>\n\t\t\t\t\t<\/div>\n\t\t\t\t<\/div>\n\t\t<div class=\"elementor-element elementor-element-7054e39 e-flex e-con-boxed e-con e-parent\" data-id=\"7054e39\" data-element_type=\"container\" data-e-type=\"container\">\n\t\t\t\t\t<div class=\"e-con-inner\">\n\t\t\t\t<div class=\"elementor-element elementor-element-028b82e elementor-widget__width-initial elementor-widget-tablet__width-initial elementor-widget elementor-widget-text-editor\" data-id=\"028b82e\" data-element_type=\"widget\" data-e-type=\"widget\" data-widget_type=\"text-editor.default\">\n\t\t\t\t\t\t\t\t\t<p>Wenn Sie Hilfe ben\u00f6tigen, steht Ihnen unsere Rezeption rund um die Uhr zur Verf\u00fcgung. Genie\u00dfen Sie unsere Annehmlichkeiten, entspannen Sie sich, und lassen Sie uns wissen, wenn wir etwas tun k\u00f6nnen, um Ihren Aufenthalt noch besser zu machen.<\/p><p style=\"text-align: center;\">Wir w\u00fcnschen Ihnen eine sch\u00f6ne Zeit bei uns!<\/p>\t\t\t\t\t\t\t\t<\/div>\n\t\t\t\t\t<\/div>\n\t\t\t\t<\/div>\n\t\t<div class=\"elementor-element elementor-element-349ded4 e-flex e-con-boxed e-con e-parent\" data-id=\"349ded4\" data-element_type=\"container\" data-e-type=\"container\">\n\t\t\t\t\t<div class=\"e-con-inner\">\n\t\t\t\t<div class=\"elementor-element elementor-element-5c4614a elementor-widget-divider--view-line_icon elementor-view-default elementor-widget-divider--element-align-center elementor-widget elementor-widget-divider\" data-id=\"5c4614a\" data-element_type=\"widget\" data-e-type=\"widget\" data-widget_type=\"divider.default\">\n\t\t\t\t\t\t\t<div class=\"elementor-divider\">\n\t\t\t<span class=\"elementor-divider-separator\">\n\t\t\t\t\t\t\t<div class=\"elementor-icon elementor-divider__element\">\n\t\t\t\t\t<svg aria-hidden=\"true\" class=\"e-font-icon-svg e-fab-galactic-senate\" viewbox=\"0 0 512 512\" xmlns=\"http:\/\/www.w3.org\/2000\/svg\"><path d=\"M249.86 33.48v26.07C236.28 80.17 226 168.14 225.39 274.9c11.74-15.62 19.13-33.33 19.13-48.24v-16.88c-.03-5.32.75-10.53 2.19-15.65.65-2.14 1.39-4.08 2.62-5.82 1.23-1.75 3.43-3.79 6.68-3.79 3.24 0 5.45 2.05 6.68 3.79 1.23 1.75 1.97 3.68 2.62 5.82 1.44 5.12 2.22 10.33 2.19 15.65v16.88c0 14.91 7.39 32.62 19.13 48.24-.63-106.76-10.91-194.73-24.49-215.35V33.48h-12.28zm-26.34 147.77c-9.52 2.15-18.7 5.19-27.46 9.08 8.9 16.12 9.76 32.64 1.71 37.29-8 4.62-21.85-4.23-31.36-19.82-11.58 8.79-21.88 19.32-30.56 31.09 14.73 9.62 22.89 22.92 18.32 30.66-4.54 7.7-20.03 7.14-35.47-.96-5.78 13.25-9.75 27.51-11.65 42.42 9.68.18 18.67 2.38 26.18 6.04 17.78-.3 32.77-1.96 40.49-4.22 5.55-26.35 23.02-48.23 46.32-59.51.73-25.55 1.88-49.67 3.48-72.07zm64.96 0c1.59 22.4 2.75 46.52 3.47 72.07 23.29 11.28 40.77 33.16 46.32 59.51 7.72 2.26 22.71 3.92 40.49 4.22 7.51-3.66 16.5-5.85 26.18-6.04-1.9-14.91-5.86-29.17-11.65-42.42-15.44 8.1-30.93 8.66-35.47.96-4.57-7.74 3.6-21.05 18.32-30.66-8.68-11.77-18.98-22.3-30.56-31.09-9.51 15.59-23.36 24.44-31.36 19.82-8.05-4.65-7.19-21.16 1.71-37.29a147.49 147.49 0 0 0-27.45-9.08zm-32.48 8.6c-3.23 0-5.86 8.81-6.09 19.93h-.05v16.88c0 41.42-49.01 95.04-93.49 95.04-52 0-122.75-1.45-156.37 29.17v2.51c9.42 17.12 20.58 33.17 33.18 47.97C45.7 380.26 84.77 360.4 141.2 360c45.68 1.02 79.03 20.33 90.76 40.87.01.01-.01.04 0 .05 7.67 2.14 15.85 3.23 24.04 3.21 8.19.02 16.37-1.07 24.04-3.21.01-.01-.01-.04 0-.05 11.74-20.54 45.08-39.85 90.76-40.87 56.43.39 95.49 20.26 108.02 41.35 12.6-14.8 23.76-30.86 33.18-47.97v-2.51c-33.61-30.62-104.37-29.17-156.37-29.17-44.48 0-93.49-53.62-93.49-95.04v-16.88h-.05c-.23-11.12-2.86-19.93-6.09-19.93zm0 96.59c22.42 0 40.6 18.18 40.6 40.6s-18.18 40.65-40.6 40.65-40.6-18.23-40.6-40.65c0-22.42 18.18-40.6 40.6-40.6zm0 7.64c-18.19 0-32.96 14.77-32.96 32.96S237.81 360 256 360s32.96-14.77 32.96-32.96-14.77-32.96-32.96-32.96zm0 6.14c14.81 0 26.82 12.01 26.82 26.82s-12.01 26.82-26.82 26.82-26.82-12.01-26.82-26.82 12.01-26.82 26.82-26.82zm-114.8 66.67c-10.19.07-21.6.36-30.5 1.66.43 4.42 1.51 18.63 7.11 29.76 9.11-2.56 18.36-3.9 27.62-3.9 41.28.94 71.48 34.35 78.26 74.47l.11 4.7c10.4 1.91 21.19 2.94 32.21 2.94 11.03 0 21.81-1.02 32.21-2.94l.11-4.7c6.78-40.12 36.98-73.53 78.26-74.47 9.26 0 18.51 1.34 27.62 3.9 5.6-11.13 6.68-25.34 7.11-29.76-8.9-1.3-20.32-1.58-30.5-1.66-18.76.42-35.19 4.17-48.61 9.67-12.54 16.03-29.16 30.03-49.58 33.07-.09.02-.17.04-.27.05-.05.01-.11.04-.16.05-5.24 1.07-10.63 1.6-16.19 1.6-5.55 0-10.95-.53-16.19-1.6-.05-.01-.11-.04-.16-.05-.1-.02-.17-.04-.27-.05-20.42-3.03-37.03-17.04-49.58-33.07-13.42-5.49-29.86-9.25-48.61-9.67z\"><\/path><\/svg><\/div>\n\t\t\t\t\t\t<\/span>\n\t\t<\/div>\n\t\t\t\t\t\t<\/div>\n\t\t\t\t\t<\/div>\n\t\t\t\t<\/div>\n\t\t\t\t<\/div>","protected":false},"excerpt":{"rendered":"<p>Willkommen im Riad Chay Vielen Dank, dass Sie sich f\u00fcr einen Aufenthalt bei uns entschieden haben. Wenn Sie Hilfe ben\u00f6tigen, ist unsere Rezeption 24\/7 f\u00fcr Sie da. Genie\u00dfen Sie unsere Annehmlichkeiten, entspannen Sie sich und lassen Sie uns wissen, wenn es etwas gibt, was wir tun k\u00f6nnen, um Ihren Aufenthalt noch besser zu machen. Wir w\u00fcnschen Ihnen eine sch\u00f6ne Zeit bei uns!<\/p>","protected":false},"author":1,"featured_media":0,"parent":0,"menu_order":0,"comment_status":"closed","ping_status":"closed","template":"elementor_canvas","meta":{"footnotes":""},"class_list":["post-7713","page","type-page","status-publish","hentry"],"_links":{"self":[{"href":"https:\/\/riadchay.com\/de\/wp-json\/wp\/v2\/pages\/7713","targetHints":{"allow":["GET"]}}],"collection":[{"href":"https:\/\/riadchay.com\/de\/wp-json\/wp\/v2\/pages"}],"about":[{"href":"https:\/\/riadchay.com\/de\/wp-json\/wp\/v2\/types\/page"}],"author":[{"embeddable":true,"href":"https:\/\/riadchay.com\/de\/wp-json\/wp\/v2\/users\/1"}],"replies":[{"embeddable":true,"href":"https:\/\/riadchay.com\/de\/wp-json\/wp\/v2\/comments?post=7713"}],"version-history":[{"count":0,"href":"https:\/\/riadchay.com\/de\/wp-json\/wp\/v2\/pages\/7713\/revisions"}],"wp:attachment":[{"href":"https:\/\/riadchay.com\/de\/wp-json\/wp\/v2\/media?parent=7713"}],"curies":[{"name":"wp","href":"https:\/\/api.w.org\/{rel}","templated":true}]}}